{"id":538,"date":"2016-05-18T16:56:29","date_gmt":"2016-05-18T16:56:29","guid":{"rendered":"http:\/\/imofinc.org\/hp_wordpress\/?page_id=538"},"modified":"2016-05-19T18:57:12","modified_gmt":"2016-05-19T18:57:12","slug":"nuestra-historia-en-breve","status":"publish","type":"page","link":"https:\/\/imofinc.org\/hp_wordpress\/?page_id=538","title":{"rendered":"Nuestra historia en breve"},"content":{"rendered":"<p>Tenemos m\u00e1s de 30 a\u00f1os de ministerio infantil, m\u00e1s de 6 a\u00f1os de aquellos como misioneros viviendo en M\u00e9xico. Hemos trabajado con ambos gente hisp\u00e1nica y los ind\u00edgenas nauhatl de Veracruz, M\u00e9xico; tuvimos un caf\u00e9 cristiano en Linares, N.L., trabajando especialmente con los j\u00f3venes; y hemos ense\u00f1ado seminarios en muchas partes de M\u00e9xico, de Chihuahua hasta Cozumel. En octubre del 2002 regresamos a vivir en Texas, EE.UU, de donde seguimos operando por el Internet y por viajes misioneros de vez en cuando a pa\u00edses incluyendo Cuba, Argentina, Uruguay, Chile, Egipto, Kenia y Togo.<\/p>\n<div data-carousel-extra='{&quot;blog_id&quot;:1,&quot;permalink&quot;:&quot;https:\/\/imofinc.org\/hp_wordpress\/?page_id=538&quot;}' id='gallery-1' class='gallery galleryid-538 gallery-columns-2 gallery-size-medium'><figure class='gallery-item'>\n\t\t\t<div class='gallery-icon landscape'>\n\t\t\t\t<a href='https:\/\/imofinc.org\/hp_wordpress\/?attachment_id=432'><img loading=\"lazy\" decoding=\"async\" width=\"300\" height=\"199\" src=\"https:\/\/i0.wp.com\/imofinc.org\/hp_wordpress\/wp-content\/uploads\/2016\/05\/Leon-teaching.jpg?fit=300%2C199&amp;ssl=1\" class=\"attachment-medium size-medium\" alt=\"\" aria-describedby=\"gallery-1-432\" srcset=\"https:\/\/i0.wp.com\/imofinc.org\/hp_wordpress\/wp-content\/uploads\/2016\/05\/Leon-teaching.jpg?w=560&amp;ssl=1 560w, https:\/\/i0.wp.com\/imofinc.org\/hp_wordpress\/wp-content\/uploads\/2016\/05\/Leon-teaching.jpg?resize=300%2C199&amp;ssl=1 300w\" sizes=\"auto, (max-width: 300px) 100vw, 300px\" data-attachment-id=\"432\" data-permalink=\"https:\/\/imofinc.org\/hp_wordpress\/?attachment_id=432\" data-orig-file=\"https:\/\/i0.wp.com\/imofinc.org\/hp_wordpress\/wp-content\/uploads\/2016\/05\/Leon-teaching.jpg?fit=560%2C372&amp;ssl=1\" data-orig-size=\"560,372\" data-comments-opened=\"1\" data-image-meta=\"{&quot;aperture&quot;:&quot;0&quot;,&quot;credit&quot;:&quot;&quot;,&quot;camera&quot;:&quot;&quot;,&quot;caption&quot;:&quot;&quot;,&quot;created_timestamp&quot;:&quot;0&quot;,&quot;copyright&quot;:&quot;&quot;,&quot;focal_length&quot;:&quot;0&quot;,&quot;iso&quot;:&quot;0&quot;,&quot;shutter_speed&quot;:&quot;0&quot;,&quot;title&quot;:&quot;&quot;,&quot;orientation&quot;:&quot;0&quot;}\" data-image-title=\"Ense\u00f1ando en Le\u00f3n, M\u00e9xico\" data-image-description=\"\" data-image-caption=\"&lt;p&gt;Ense\u00f1ando en Le\u00f3n, M\u00e9xico&lt;\/p&gt;\n\" data-large-file=\"https:\/\/i0.wp.com\/imofinc.org\/hp_wordpress\/wp-content\/uploads\/2016\/05\/Leon-teaching.jpg?fit=560%2C372&amp;ssl=1\" \/><\/a>\n\t\t\t<\/div>\n\t\t\t\t<figcaption class='wp-caption-text gallery-caption' id='gallery-1-432'>\n\t\t\t\tEnse\u00f1ando en Le\u00f3n, M\u00e9xico\n\t\t\t\t<\/figcaption><\/figure><figure class='gallery-item'>\n\t\t\t<div class='gallery-icon landscape'>\n\t\t\t\t<a href='https:\/\/imofinc.org\/hp_wordpress\/?attachment_id=582'><img loading=\"lazy\" decoding=\"async\" width=\"300\" height=\"197\" src=\"https:\/\/i0.wp.com\/imofinc.org\/hp_wordpress\/wp-content\/uploads\/2016\/05\/Cafe-ministry.jpg?fit=300%2C197&amp;ssl=1\" class=\"attachment-medium size-medium\" alt=\"\" aria-describedby=\"gallery-1-582\" srcset=\"https:\/\/i0.wp.com\/imofinc.org\/hp_wordpress\/wp-content\/uploads\/2016\/05\/Cafe-ministry.jpg?w=608&amp;ssl=1 608w, https:\/\/i0.wp.com\/imofinc.org\/hp_wordpress\/wp-content\/uploads\/2016\/05\/Cafe-ministry.jpg?resize=300%2C197&amp;ssl=1 300w\" sizes=\"auto, (max-width: 300px) 100vw, 300px\" data-attachment-id=\"582\" data-permalink=\"https:\/\/imofinc.org\/hp_wordpress\/?attachment_id=582\" data-orig-file=\"https:\/\/i0.wp.com\/imofinc.org\/hp_wordpress\/wp-content\/uploads\/2016\/05\/Cafe-ministry.jpg?fit=608%2C400&amp;ssl=1\" data-orig-size=\"608,400\" data-comments-opened=\"1\" data-image-meta=\"{&quot;aperture&quot;:&quot;0&quot;,&quot;credit&quot;:&quot;&quot;,&quot;camera&quot;:&quot;HP psc1500&quot;,&quot;caption&quot;:&quot;&quot;,&quot;created_timestamp&quot;:&quot;0&quot;,&quot;copyright&quot;:&quot;&quot;,&quot;focal_length&quot;:&quot;0&quot;,&quot;iso&quot;:&quot;0&quot;,&quot;shutter_speed&quot;:&quot;0&quot;,&quot;title&quot;:&quot;&quot;,&quot;orientation&quot;:&quot;1&quot;}\" data-image-title=\"Cafe ministry\" data-image-description=\"\" data-image-caption=\"&lt;p&gt;Juegos b\u00edblicos en el caf\u00e9 en M\u00e9xico&lt;\/p&gt;\n\" data-large-file=\"https:\/\/i0.wp.com\/imofinc.org\/hp_wordpress\/wp-content\/uploads\/2016\/05\/Cafe-ministry.jpg?fit=608%2C400&amp;ssl=1\" \/><\/a>\n\t\t\t<\/div>\n\t\t\t\t<figcaption class='wp-caption-text gallery-caption' id='gallery-1-582'>\n\t\t\t\tJuegos b\u00edblicos en el caf\u00e9 en M\u00e9xico\n\t\t\t\t<\/figcaption><\/figure><figure class='gallery-item'>\n\t\t\t<div class='gallery-icon landscape'>\n\t\t\t\t<a href='https:\/\/imofinc.org\/hp_wordpress\/?attachment_id=595'><img loading=\"lazy\" decoding=\"async\" width=\"300\" height=\"204\" src=\"https:\/\/i0.wp.com\/imofinc.org\/hp_wordpress\/wp-content\/uploads\/2016\/05\/Preaching-in-a-Cuban-church.jpg?fit=300%2C204&amp;ssl=1\" class=\"attachment-medium size-medium\" alt=\"\" aria-describedby=\"gallery-1-595\" srcset=\"https:\/\/i0.wp.com\/imofinc.org\/hp_wordpress\/wp-content\/uploads\/2016\/05\/Preaching-in-a-Cuban-church.jpg?w=1104&amp;ssl=1 1104w, https:\/\/i0.wp.com\/imofinc.org\/hp_wordpress\/wp-content\/uploads\/2016\/05\/Preaching-in-a-Cuban-church.jpg?resize=300%2C204&amp;ssl=1 300w, https:\/\/i0.wp.com\/imofinc.org\/hp_wordpress\/wp-content\/uploads\/2016\/05\/Preaching-in-a-Cuban-church.jpg?resize=768%2C521&amp;ssl=1 768w, https:\/\/i0.wp.com\/imofinc.org\/hp_wordpress\/wp-content\/uploads\/2016\/05\/Preaching-in-a-Cuban-church.jpg?resize=1024%2C695&amp;ssl=1 1024w, https:\/\/i0.wp.com\/imofinc.org\/hp_wordpress\/wp-content\/uploads\/2016\/05\/Preaching-in-a-Cuban-church.jpg?resize=640%2C434&amp;ssl=1 640w\" sizes=\"auto, (max-width: 300px) 100vw, 300px\" data-attachment-id=\"595\" data-permalink=\"https:\/\/imofinc.org\/hp_wordpress\/?attachment_id=595\" data-orig-file=\"https:\/\/i0.wp.com\/imofinc.org\/hp_wordpress\/wp-content\/uploads\/2016\/05\/Preaching-in-a-Cuban-church.jpg?fit=1104%2C749&amp;ssl=1\" data-orig-size=\"1104,749\" data-comments-opened=\"1\" data-image-meta=\"{&quot;aperture&quot;:&quot;0&quot;,&quot;credit&quot;:&quot;&quot;,&quot;camera&quot;:&quot;HP psc1500&quot;,&quot;caption&quot;:&quot;&quot;,&quot;created_timestamp&quot;:&quot;0&quot;,&quot;copyright&quot;:&quot;&quot;,&quot;focal_length&quot;:&quot;0&quot;,&quot;iso&quot;:&quot;0&quot;,&quot;shutter_speed&quot;:&quot;0&quot;,&quot;title&quot;:&quot;&quot;,&quot;orientation&quot;:&quot;1&quot;}\" data-image-title=\"Preaching in a Cuban church\" data-image-description=\"\" data-image-caption=\"&lt;p&gt;Predicando en Cuba&lt;\/p&gt;\n\" data-large-file=\"https:\/\/i0.wp.com\/imofinc.org\/hp_wordpress\/wp-content\/uploads\/2016\/05\/Preaching-in-a-Cuban-church.jpg?fit=1024%2C695&amp;ssl=1\" \/><\/a>\n\t\t\t<\/div>\n\t\t\t\t<figcaption class='wp-caption-text gallery-caption' id='gallery-1-595'>\n\t\t\t\tPredicando en Cuba\n\t\t\t\t<\/figcaption><\/figure><figure class='gallery-item'>\n\t\t\t<div class='gallery-icon landscape'>\n\t\t\t\t<a href='https:\/\/imofinc.org\/hp_wordpress\/?attachment_id=540'><img loading=\"lazy\" decoding=\"async\" width=\"300\" height=\"215\" src=\"https:\/\/i0.wp.com\/imofinc.org\/hp_wordpress\/wp-content\/uploads\/2016\/05\/Uruguay-games.jpg?fit=300%2C215&amp;ssl=1\" class=\"attachment-medium size-medium\" alt=\"\" aria-describedby=\"gallery-1-540\" srcset=\"https:\/\/i0.wp.com\/imofinc.org\/hp_wordpress\/wp-content\/uploads\/2016\/05\/Uruguay-games.jpg?w=716&amp;ssl=1 716w, https:\/\/i0.wp.com\/imofinc.org\/hp_wordpress\/wp-content\/uploads\/2016\/05\/Uruguay-games.jpg?resize=300%2C215&amp;ssl=1 300w\" sizes=\"auto, (max-width: 300px) 100vw, 300px\" data-attachment-id=\"540\" data-permalink=\"https:\/\/imofinc.org\/hp_wordpress\/?attachment_id=540\" data-orig-file=\"https:\/\/i0.wp.com\/imofinc.org\/hp_wordpress\/wp-content\/uploads\/2016\/05\/Uruguay-games.jpg?fit=716%2C514&amp;ssl=1\" data-orig-size=\"716,514\" data-comments-opened=\"1\" data-image-meta=\"{&quot;aperture&quot;:&quot;0&quot;,&quot;credit&quot;:&quot;&quot;,&quot;camera&quot;:&quot;&quot;,&quot;caption&quot;:&quot;&quot;,&quot;created_timestamp&quot;:&quot;1293886626&quot;,&quot;copyright&quot;:&quot;&quot;,&quot;focal_length&quot;:&quot;0&quot;,&quot;iso&quot;:&quot;0&quot;,&quot;shutter_speed&quot;:&quot;0&quot;,&quot;title&quot;:&quot;&quot;,&quot;orientation&quot;:&quot;1&quot;}\" data-image-title=\"Uruguay games\" data-image-description=\"\" data-image-caption=\"&lt;p&gt;Ense\u00f1ando juegos b\u00edblicos en Uruguay&lt;\/p&gt;\n\" data-large-file=\"https:\/\/i0.wp.com\/imofinc.org\/hp_wordpress\/wp-content\/uploads\/2016\/05\/Uruguay-games.jpg?fit=716%2C514&amp;ssl=1\" \/><\/a>\n\t\t\t<\/div>\n\t\t\t\t<figcaption class='wp-caption-text gallery-caption' id='gallery-1-540'>\n\t\t\t\tEnse\u00f1ando juegos b\u00edblicos en Uruguay\n\t\t\t\t<\/figcaption><\/figure><figure class='gallery-item'>\n\t\t\t<div class='gallery-icon landscape'>\n\t\t\t\t<a href='https:\/\/imofinc.org\/hp_wordpress\/?attachment_id=417'><img loading=\"lazy\" decoding=\"async\" width=\"300\" height=\"220\" src=\"https:\/\/i0.wp.com\/imofinc.org\/hp_wordpress\/wp-content\/uploads\/2016\/05\/Eating-ugali.jpg?fit=300%2C220&amp;ssl=1\" class=\"attachment-medium size-medium\" alt=\"\" aria-describedby=\"gallery-1-417\" srcset=\"https:\/\/i0.wp.com\/imofinc.org\/hp_wordpress\/wp-content\/uploads\/2016\/05\/Eating-ugali.jpg?w=472&amp;ssl=1 472w, https:\/\/i0.wp.com\/imofinc.org\/hp_wordpress\/wp-content\/uploads\/2016\/05\/Eating-ugali.jpg?resize=300%2C220&amp;ssl=1 300w\" sizes=\"auto, (max-width: 300px) 100vw, 300px\" data-attachment-id=\"417\" data-permalink=\"https:\/\/imofinc.org\/hp_wordpress\/?attachment_id=417\" data-orig-file=\"https:\/\/i0.wp.com\/imofinc.org\/hp_wordpress\/wp-content\/uploads\/2016\/05\/Eating-ugali.jpg?fit=472%2C346&amp;ssl=1\" data-orig-size=\"472,346\" data-comments-opened=\"1\" data-image-meta=\"{&quot;aperture&quot;:&quot;0&quot;,&quot;credit&quot;:&quot;&quot;,&quot;camera&quot;:&quot;&quot;,&quot;caption&quot;:&quot;&quot;,&quot;created_timestamp&quot;:&quot;0&quot;,&quot;copyright&quot;:&quot;&quot;,&quot;focal_length&quot;:&quot;0&quot;,&quot;iso&quot;:&quot;0&quot;,&quot;shutter_speed&quot;:&quot;0&quot;,&quot;title&quot;:&quot;&quot;,&quot;orientation&quot;:&quot;0&quot;}\" data-image-title=\"Eating ugali\" data-image-description=\"\" data-image-caption=\"&lt;p&gt;Comiendo ugali en Kenia&lt;\/p&gt;\n\" data-large-file=\"https:\/\/i0.wp.com\/imofinc.org\/hp_wordpress\/wp-content\/uploads\/2016\/05\/Eating-ugali.jpg?fit=472%2C346&amp;ssl=1\" \/><\/a>\n\t\t\t<\/div>\n\t\t\t\t<figcaption class='wp-caption-text gallery-caption' id='gallery-1-417'>\n\t\t\t\tComiendo ugali en Kenia\n\t\t\t\t<\/figcaption><\/figure><figure class='gallery-item'>\n\t\t\t<div class='gallery-icon landscape'>\n\t\t\t\t<a href='https:\/\/imofinc.org\/hp_wordpress\/?attachment_id=539'><img loading=\"lazy\" decoding=\"async\" width=\"300\" height=\"212\" src=\"https:\/\/i0.wp.com\/imofinc.org\/hp_wordpress\/wp-content\/uploads\/2016\/05\/School-in-Kenya.jpg?fit=300%2C212&amp;ssl=1\" class=\"attachment-medium size-medium\" alt=\"\" aria-describedby=\"gallery-1-539\" srcset=\"https:\/\/i0.wp.com\/imofinc.org\/hp_wordpress\/wp-content\/uploads\/2016\/05\/School-in-Kenya.jpg?w=977&amp;ssl=1 977w, https:\/\/i0.wp.com\/imofinc.org\/hp_wordpress\/wp-content\/uploads\/2016\/05\/School-in-Kenya.jpg?resize=300%2C212&amp;ssl=1 300w, https:\/\/i0.wp.com\/imofinc.org\/hp_wordpress\/wp-content\/uploads\/2016\/05\/School-in-Kenya.jpg?resize=768%2C542&amp;ssl=1 768w\" sizes=\"auto, (max-width: 300px) 100vw, 300px\" data-attachment-id=\"539\" data-permalink=\"https:\/\/imofinc.org\/hp_wordpress\/?attachment_id=539\" data-orig-file=\"https:\/\/i0.wp.com\/imofinc.org\/hp_wordpress\/wp-content\/uploads\/2016\/05\/School-in-Kenya.jpg?fit=977%2C690&amp;ssl=1\" data-orig-size=\"977,690\" data-comments-opened=\"1\" data-image-meta=\"{&quot;aperture&quot;:&quot;0&quot;,&quot;credit&quot;:&quot;&quot;,&quot;camera&quot;:&quot;HP psc1500&quot;,&quot;caption&quot;:&quot;&quot;,&quot;created_timestamp&quot;:&quot;0&quot;,&quot;copyright&quot;:&quot;&quot;,&quot;focal_length&quot;:&quot;0&quot;,&quot;iso&quot;:&quot;0&quot;,&quot;shutter_speed&quot;:&quot;0&quot;,&quot;title&quot;:&quot;&quot;,&quot;orientation&quot;:&quot;1&quot;}\" data-image-title=\"School in Kenya\" data-image-description=\"\" data-image-caption=\"&lt;p&gt;Escuela en Kenia&lt;\/p&gt;\n\" data-large-file=\"https:\/\/i0.wp.com\/imofinc.org\/hp_wordpress\/wp-content\/uploads\/2016\/05\/School-in-Kenya.jpg?fit=977%2C690&amp;ssl=1\" \/><\/a>\n\t\t\t<\/div>\n\t\t\t\t<figcaption class='wp-caption-text gallery-caption' id='gallery-1-539'>\n\t\t\t\tEscuela en Kenia\n\t\t\t\t<\/figcaption><\/figure><figure class='gallery-item'>\n\t\t\t<div class='gallery-icon landscape'>\n\t\t\t\t<a href='https:\/\/imofinc.org\/hp_wordpress\/?attachment_id=541'><img loading=\"lazy\" decoding=\"async\" width=\"300\" height=\"202\" src=\"https:\/\/i0.wp.com\/imofinc.org\/hp_wordpress\/wp-content\/uploads\/2016\/05\/Shirley-teaching-in-Togo.jpg?fit=300%2C202&amp;ssl=1\" class=\"attachment-medium size-medium\" alt=\"\" aria-describedby=\"gallery-1-541\" srcset=\"https:\/\/i0.wp.com\/imofinc.org\/hp_wordpress\/wp-content\/uploads\/2016\/05\/Shirley-teaching-in-Togo.jpg?w=448&amp;ssl=1 448w, https:\/\/i0.wp.com\/imofinc.org\/hp_wordpress\/wp-content\/uploads\/2016\/05\/Shirley-teaching-in-Togo.jpg?resize=300%2C202&amp;ssl=1 300w\" sizes=\"auto, (max-width: 300px) 100vw, 300px\" data-attachment-id=\"541\" data-permalink=\"https:\/\/imofinc.org\/hp_wordpress\/?attachment_id=541\" data-orig-file=\"https:\/\/i0.wp.com\/imofinc.org\/hp_wordpress\/wp-content\/uploads\/2016\/05\/Shirley-teaching-in-Togo.jpg?fit=448%2C301&amp;ssl=1\" data-orig-size=\"448,301\" data-comments-opened=\"1\" data-image-meta=\"{&quot;aperture&quot;:&quot;0&quot;,&quot;credit&quot;:&quot;&quot;,&quot;camera&quot;:&quot;&quot;,&quot;caption&quot;:&quot;&quot;,&quot;created_timestamp&quot;:&quot;1269446294&quot;,&quot;copyright&quot;:&quot;&quot;,&quot;focal_length&quot;:&quot;0&quot;,&quot;iso&quot;:&quot;0&quot;,&quot;shutter_speed&quot;:&quot;0&quot;,&quot;title&quot;:&quot;&quot;,&quot;orientation&quot;:&quot;1&quot;}\" data-image-title=\"Shirley teaching in Togo\" data-image-description=\"\" data-image-caption=\"&lt;p&gt;Predicando en Togo&lt;\/p&gt;\n\" data-large-file=\"https:\/\/i0.wp.com\/imofinc.org\/hp_wordpress\/wp-content\/uploads\/2016\/05\/Shirley-teaching-in-Togo.jpg?fit=448%2C301&amp;ssl=1\" \/><\/a>\n\t\t\t<\/div>\n\t\t\t\t<figcaption class='wp-caption-text gallery-caption' id='gallery-1-541'>\n\t\t\t\tPredicando en Togo\n\t\t\t\t<\/figcaption><\/figure><figure class='gallery-item'>\n\t\t\t<div class='gallery-icon landscape'>\n\t\t\t\t<a href='https:\/\/imofinc.org\/hp_wordpress\/?attachment_id=419'><img loading=\"lazy\" decoding=\"async\" width=\"300\" height=\"214\" src=\"https:\/\/i0.wp.com\/imofinc.org\/hp_wordpress\/wp-content\/uploads\/2016\/05\/By-a-canoe-filled-with-palm-oil-in-Togo.jpg?fit=300%2C214&amp;ssl=1\" class=\"attachment-medium size-medium\" alt=\"\" aria-describedby=\"gallery-1-419\" srcset=\"https:\/\/i0.wp.com\/imofinc.org\/hp_wordpress\/wp-content\/uploads\/2016\/05\/By-a-canoe-filled-with-palm-oil-in-Togo.jpg?w=1319&amp;ssl=1 1319w, https:\/\/i0.wp.com\/imofinc.org\/hp_wordpress\/wp-content\/uploads\/2016\/05\/By-a-canoe-filled-with-palm-oil-in-Togo.jpg?resize=300%2C214&amp;ssl=1 300w, https:\/\/i0.wp.com\/imofinc.org\/hp_wordpress\/wp-content\/uploads\/2016\/05\/By-a-canoe-filled-with-palm-oil-in-Togo.jpg?resize=768%2C547&amp;ssl=1 768w, https:\/\/i0.wp.com\/imofinc.org\/hp_wordpress\/wp-content\/uploads\/2016\/05\/By-a-canoe-filled-with-palm-oil-in-Togo.jpg?resize=1024%2C729&amp;ssl=1 1024w\" sizes=\"auto, (max-width: 300px) 100vw, 300px\" data-attachment-id=\"419\" data-permalink=\"https:\/\/imofinc.org\/hp_wordpress\/?attachment_id=419\" data-orig-file=\"https:\/\/i0.wp.com\/imofinc.org\/hp_wordpress\/wp-content\/uploads\/2016\/05\/By-a-canoe-filled-with-palm-oil-in-Togo.jpg?fit=1319%2C939&amp;ssl=1\" data-orig-size=\"1319,939\" data-comments-opened=\"1\" data-image-meta=\"{&quot;aperture&quot;:&quot;0&quot;,&quot;credit&quot;:&quot;&quot;,&quot;camera&quot;:&quot;&quot;,&quot;caption&quot;:&quot;&quot;,&quot;created_timestamp&quot;:&quot;1215159802&quot;,&quot;copyright&quot;:&quot;&quot;,&quot;focal_length&quot;:&quot;0&quot;,&quot;iso&quot;:&quot;0&quot;,&quot;shutter_speed&quot;:&quot;0&quot;,&quot;title&quot;:&quot;&quot;,&quot;orientation&quot;:&quot;1&quot;}\" data-image-title=\"By a canoe filled with palm oil in Togo\" data-image-description=\"\" data-image-caption=\"&lt;p&gt;Cruzando un r\u00edo en Togo&lt;\/p&gt;\n\" data-large-file=\"https:\/\/i0.wp.com\/imofinc.org\/hp_wordpress\/wp-content\/uploads\/2016\/05\/By-a-canoe-filled-with-palm-oil-in-Togo.jpg?fit=1024%2C729&amp;ssl=1\" \/><\/a>\n\t\t\t<\/div>\n\t\t\t\t<figcaption class='wp-caption-text gallery-caption' id='gallery-1-419'>\n\t\t\t\tCruzando un r\u00edo en Togo\n\t\t\t\t<\/figcaption><\/figure>\n\t\t<\/div>\n\n","protected":false},"excerpt":{"rendered":"<p>Tenemos m\u00e1s de 30 a\u00f1os de ministerio infantil, m\u00e1s de 6 a\u00f1os de aquellos como misioneros viviendo en M\u00e9xico. Hemos trabajado con ambos gente hisp\u00e1nica y los ind\u00edgenas nauhatl de Veracruz, M\u00e9xico; tuvimos un caf\u00e9 cristiano en Linares,&#8230; <a class=\"read-more\" href=\"https:\/\/imofinc.org\/hp_wordpress\/?page_id=538\">Read More<\/a><\/p>\n","protected":false},"author":2,"featured_media":0,"parent":533,"menu_order":1,"comment_status":"closed","ping_status":"closed","template":"","meta":{"jetpack_post_was_ever_published":false,"footnotes":""},"class_list":["post-538","page","type-page","status-publish","hentry","no-comments"],"jetpack_sharing_enabled":true,"jetpack_shortlink":"https:\/\/wp.me\/P7CEri-8G","jetpack-related-posts":[],"_links":{"self":[{"href":"https:\/\/imofinc.org\/hp_wordpress\/index.php?rest_route=\/wp\/v2\/pages\/538","targetHints":{"allow":["GET"]}}],"collection":[{"href":"https:\/\/imofinc.org\/hp_wordpress\/index.php?rest_route=\/wp\/v2\/pages"}],"about":[{"href":"https:\/\/imofinc.org\/hp_wordpress\/index.php?rest_route=\/wp\/v2\/types\/page"}],"author":[{"embeddable":true,"href":"https:\/\/imofinc.org\/hp_wordpress\/index.php?rest_route=\/wp\/v2\/users\/2"}],"replies":[{"embeddable":true,"href":"https:\/\/imofinc.org\/hp_wordpress\/index.php?rest_route=%2Fwp%2Fv2%2Fcomments&post=538"}],"version-history":[{"count":4,"href":"https:\/\/imofinc.org\/hp_wordpress\/index.php?rest_route=\/wp\/v2\/pages\/538\/revisions"}],"predecessor-version":[{"id":597,"href":"https:\/\/imofinc.org\/hp_wordpress\/index.php?rest_route=\/wp\/v2\/pages\/538\/revisions\/597"}],"up":[{"embeddable":true,"href":"https:\/\/imofinc.org\/hp_wordpress\/index.php?rest_route=\/wp\/v2\/pages\/533"}],"wp:attachment":[{"href":"https:\/\/imofinc.org\/hp_wordpress\/index.php?rest_route=%2Fwp%2Fv2%2Fmedia&parent=538"}],"curies":[{"name":"wp","href":"https:\/\/api.w.org\/{rel}","templated":true}]}}