{"id":631,"date":"2016-05-19T20:43:12","date_gmt":"2016-05-19T20:43:12","guid":{"rendered":"http:\/\/imofinc.org\/hp_wordpress\/?page_id=631"},"modified":"2017-02-01T16:42:55","modified_gmt":"2017-02-01T16:42:55","slug":"eventos-dinamicos-y-ensenanzas-especiales","status":"publish","type":"page","link":"https:\/\/imofinc.org\/hp_wordpress\/?page_id=631","title":{"rendered":"Eventos din\u00e1micos y ense\u00f1anzas especiales"},"content":{"rendered":"<figure id=\"attachment_632\" aria-describedby=\"caption-attachment-632\" style=\"width: 300px\" class=\"wp-caption aligncenter\"><img data-recalc-dims=\"1\" loading=\"lazy\" decoding=\"async\" data-attachment-id=\"632\" data-permalink=\"https:\/\/imofinc.org\/hp_wordpress\/?attachment_id=632\" data-orig-file=\"https:\/\/i0.wp.com\/imofinc.org\/hp_wordpress\/wp-content\/uploads\/2016\/05\/EBV-en-M%C3%A9xico.jpg?fit=1156%2C656&amp;ssl=1\" data-orig-size=\"1156,656\" data-comments-opened=\"1\" data-image-meta=\"{&quot;aperture&quot;:&quot;0&quot;,&quot;credit&quot;:&quot;&quot;,&quot;camera&quot;:&quot;&quot;,&quot;caption&quot;:&quot;&quot;,&quot;created_timestamp&quot;:&quot;0&quot;,&quot;copyright&quot;:&quot;&quot;,&quot;focal_length&quot;:&quot;0&quot;,&quot;iso&quot;:&quot;0&quot;,&quot;shutter_speed&quot;:&quot;0&quot;,&quot;title&quot;:&quot;&quot;,&quot;orientation&quot;:&quot;1&quot;}\" data-image-title=\"EBV en M\u00e9xico\" data-image-description=\"\" data-image-caption=\"&lt;p&gt;EBV empezando con carreras b\u00edblicas en la calle&lt;\/p&gt;\n\" data-medium-file=\"https:\/\/i0.wp.com\/imofinc.org\/hp_wordpress\/wp-content\/uploads\/2016\/05\/EBV-en-M%C3%A9xico.jpg?fit=300%2C170&amp;ssl=1\" data-large-file=\"https:\/\/i0.wp.com\/imofinc.org\/hp_wordpress\/wp-content\/uploads\/2016\/05\/EBV-en-M%C3%A9xico.jpg?fit=1024%2C581&amp;ssl=1\" class=\"size-medium wp-image-632\" src=\"https:\/\/i0.wp.com\/imofinc.org\/hp_wordpress\/wp-content\/uploads\/2016\/05\/EBV-en-M%C3%A9xico.jpg?resize=300%2C170\" alt=\"EBV empezando con carreras b\u00edblicas en la calle\" width=\"300\" height=\"170\" srcset=\"https:\/\/i0.wp.com\/imofinc.org\/hp_wordpress\/wp-content\/uploads\/2016\/05\/EBV-en-M%C3%A9xico.jpg?resize=300%2C170&amp;ssl=1 300w, https:\/\/i0.wp.com\/imofinc.org\/hp_wordpress\/wp-content\/uploads\/2016\/05\/EBV-en-M%C3%A9xico.jpg?resize=768%2C436&amp;ssl=1 768w, https:\/\/i0.wp.com\/imofinc.org\/hp_wordpress\/wp-content\/uploads\/2016\/05\/EBV-en-M%C3%A9xico.jpg?resize=1024%2C581&amp;ssl=1 1024w, https:\/\/i0.wp.com\/imofinc.org\/hp_wordpress\/wp-content\/uploads\/2016\/05\/EBV-en-M%C3%A9xico.jpg?resize=640%2C363&amp;ssl=1 640w, https:\/\/i0.wp.com\/imofinc.org\/hp_wordpress\/wp-content\/uploads\/2016\/05\/EBV-en-M%C3%A9xico.jpg?w=1156&amp;ssl=1 1156w\" sizes=\"auto, (max-width: 300px) 100vw, 300px\" \/><figcaption id=\"caption-attachment-632\" class=\"wp-caption-text\">EBV empezando con carreras b\u00edblicas en la calle<\/figcaption><\/figure>\n<p>Tenemos varias ideas pr\u00e1cticas para ayudar a desarrollar un ministerio infantil junto con ideas para eventos especiales, incluyendo EBV y otras campa\u00f1as de evangelismo.<\/p>\n<p><a href=\"http:\/\/imofinc.org\/hp_wordpress\/wp-content\/uploads\/2016\/05\/Planes-para-desarrollar-un-ministerio-infantil.doc\">\u00a0Planes para desarrollar un ministerio infantil<\/a><\/p>\n<p><a href=\"http:\/\/imofinc.org\/hp_wordpress\/wp-content\/uploads\/2016\/05\/Ideas-por-tema-para-ense\u00f1ar-a-los-ni\u00f1itos.pdf\">\u00a0Ideas por tema para ense\u00f1ar a los ni\u00f1itos<\/a><\/p>\n<p><a href=\"http:\/\/imofinc.org\/hp_wordpress\/wp-content\/uploads\/2016\/05\/Puntos-pr\u00e1cticos-para-desarrollar-un-club-semanal-para-ni\u00f1os.pdf\">Puntos pr\u00e1cticos para desarrollar un club semanal para ni\u00f1os<\/a><\/p>\n<p><a href=\"http:\/\/imofinc.org\/hp_wordpress\/wp-content\/uploads\/2016\/05\/Ideas-para-ense\u00f1ar-a-ni\u00f1os-de-menos-de-6-anos-1.doc\">Ideas para ense\u00f1ar a ni\u00f1os de menos de 6 anos<\/a><\/p>\n<p><a href=\"http:\/\/imofinc.org\/hp_wordpress\/wp-content\/uploads\/2016\/05\/Actividades-para-ense\u00f1ar-de-las-misiones.doc\">Actividades para ense\u00f1ar de las misiones<\/a><\/p>\n<p><a href=\"http:\/\/imofinc.org\/hp_wordpress\/wp-content\/uploads\/2016\/05\/Eventos-Juveniles.pdf\">Eventos Juveniles<\/a><\/p>\n<p><a href=\"http:\/\/imofinc.org\/hp_wordpress\/wp-content\/uploads\/2016\/05\/Concurso-de-belleza.pdf\">Concurso de belleza<\/a><\/p>\n<p><a href=\"http:\/\/imofinc.org\/hp_wordpress\/wp-content\/uploads\/2016\/05\/Concurso-de-belleza-devota.doc\">Concurso de belleza devota<\/a>\u00a0 y tambi\u00e9n <a href=\"http:\/\/imofinc.org\/hp_wordpress\/wp-content\/uploads\/2016\/05\/Concurso-de-belleza-juego.doc\">Concurso de belleza juego<\/a><\/p>\n<p><a href=\"http:\/\/imofinc.org\/hp_wordpress\/wp-content\/uploads\/2016\/05\/EBV-Sigamos-a-Cristo.doc\">EBV Sigamos a Cristo<\/a><\/p>\n<p><a href=\"http:\/\/imofinc.org\/hp_wordpress\/wp-content\/uploads\/2016\/05\/EBVGenX.doc\">EBVGenX<\/a><\/p>\n<p>Programa especial para Navidad &#8211; <a href=\"http:\/\/imofinc.org\/hp_wordpress\/wp-content\/uploads\/2016\/05\/Dramita-La-fiesta-de-Pedro.pdf\">Dramita &#8211; La fiesta de Pedro<\/a><\/p>\n<p>Programa especial para Semana Santa &#8211; <a href=\"http:\/\/imofinc.org\/hp_wordpress\/wp-content\/uploads\/2016\/05\/Programa-para-Semana-Santa.pdf\">Programa para Semana Santa<\/a><\/p>\n<p>Ense\u00f1anza de Halloween &#8211; <a href=\"http:\/\/imofinc.org\/hp_wordpress\/wp-content\/uploads\/2016\/05\/Ense\u00f1anza-y-p\u00e1gina-de-diversi\u00f3n-de-Halloween.pdf\">Ense\u00f1anza y p\u00e1gina de diversi\u00f3n de Halloween<\/a><\/p>\n","protected":false},"excerpt":{"rendered":"<p>Tenemos varias ideas pr\u00e1cticas para ayudar a desarrollar un ministerio infantil junto con ideas para eventos especiales, incluyendo EBV y otras campa\u00f1as de evangelismo. \u00a0Planes para desarrollar un ministerio infantil \u00a0Ideas por tema para ense\u00f1ar a los ni\u00f1itos&#8230; <a class=\"read-more\" href=\"https:\/\/imofinc.org\/hp_wordpress\/?page_id=631\">Read More<\/a><\/p>\n","protected":false},"author":2,"featured_media":0,"parent":578,"menu_order":3,"comment_status":"closed","ping_status":"closed","template":"","meta":{"jetpack_post_was_ever_published":false,"footnotes":""},"class_list":["post-631","page","type-page","status-publish","hentry","no-comments"],"jetpack_sharing_enabled":true,"jetpack_shortlink":"https:\/\/wp.me\/P7CEri-ab","jetpack-related-posts":[],"_links":{"self":[{"href":"https:\/\/imofinc.org\/hp_wordpress\/index.php?rest_route=\/wp\/v2\/pages\/631","targetHints":{"allow":["GET"]}}],"collection":[{"href":"https:\/\/imofinc.org\/hp_wordpress\/index.php?rest_route=\/wp\/v2\/pages"}],"about":[{"href":"https:\/\/imofinc.org\/hp_wordpress\/index.php?rest_route=\/wp\/v2\/types\/page"}],"author":[{"embeddable":true,"href":"https:\/\/imofinc.org\/hp_wordpress\/index.php?rest_route=\/wp\/v2\/users\/2"}],"replies":[{"embeddable":true,"href":"https:\/\/imofinc.org\/hp_wordpress\/index.php?rest_route=%2Fwp%2Fv2%2Fcomments&post=631"}],"version-history":[{"count":3,"href":"https:\/\/imofinc.org\/hp_wordpress\/index.php?rest_route=\/wp\/v2\/pages\/631\/revisions"}],"predecessor-version":[{"id":1013,"href":"https:\/\/imofinc.org\/hp_wordpress\/index.php?rest_route=\/wp\/v2\/pages\/631\/revisions\/1013"}],"up":[{"embeddable":true,"href":"https:\/\/imofinc.org\/hp_wordpress\/index.php?rest_route=\/wp\/v2\/pages\/578"}],"wp:attachment":[{"href":"https:\/\/imofinc.org\/hp_wordpress\/index.php?rest_route=%2Fwp%2Fv2%2Fmedia&parent=631"}],"curies":[{"name":"wp","href":"https:\/\/api.w.org\/{rel}","templated":true}]}}